{"id":5105,"date":"2022-03-03T11:33:12","date_gmt":"2022-03-03T17:33:12","guid":{"rendered":"https:\/\/www.sashco.com\/contratistas-de-troncos\/"},"modified":"2023-03-08T10:28:43","modified_gmt":"2023-03-08T16:28:43","slug":"contratistas-de-troncos","status":"publish","type":"page","link":"https:\/\/www.sashco.com\/es\/el-tronco\/contratistas-de-troncos\/","title":{"rendered":"Contratistas de troncos"},"content":{"rendered":"\n<div class=\"wp-block-cover is-light\"><span aria-hidden=\"true\" class=\"wp-block-cover__background has-background-dim wp-block-cover__gradient-background has-background-gradient\" style=\"background:linear-gradient(104deg,rgba(249,159,56,0.76) 0%,rgb(35,31,32) 100%)\"><\/span><img decoding=\"async\" width=\"2000\" height=\"1000\" class=\"wp-block-cover__image-background wp-image-9 lazyload\" alt=\"\" data-src=\"https:\/\/www.sashco.com\/wp-content\/uploads\/2022\/02\/log-home.png\" data-object-fit=\"cover\" data-srcset=\"https:\/\/www.sashco.com\/wp-content\/uploads\/2022\/02\/log-home.png 2000w, https:\/\/www.sashco.com\/wp-content\/uploads\/2022\/02\/log-home-600x300.png 600w, https:\/\/www.sashco.com\/wp-content\/uploads\/2022\/02\/log-home-300x150.png 300w, https:\/\/www.sashco.com\/wp-content\/uploads\/2022\/02\/log-home-1024x512.png 1024w, https:\/\/www.sashco.com\/wp-content\/uploads\/2022\/02\/log-home-768x384.png 768w, https:\/\/www.sashco.com\/wp-content\/uploads\/2022\/02\/log-home-1536x768.png 1536w, https:\/\/www.sashco.com\/wp-content\/uploads\/2022\/02\/log-home-170x85.png 170w, https:\/\/www.sashco.com\/wp-content\/uploads\/2022\/02\/log-home-500x250.png 500w\" data-sizes=\"(max-width: 2000px) 100vw, 2000px\" src=\"data:image\/gif;base64,R0lGODlhAQABAAAAACH5BAEKAAEALAAAAAABAAEAAAICTAEAOw==\" style=\"--smush-placeholder-width: 2000px; --smush-placeholder-aspect-ratio: 2000\/1000;\" \/><noscript><img decoding=\"async\" width=\"2000\" height=\"1000\" class=\"wp-block-cover__image-background wp-image-9\" alt=\"\" src=\"https:\/\/www.sashco.com\/wp-content\/uploads\/2022\/02\/log-home.png\" data-object-fit=\"cover\" srcset=\"https:\/\/www.sashco.com\/wp-content\/uploads\/2022\/02\/log-home.png 2000w, https:\/\/www.sashco.com\/wp-content\/uploads\/2022\/02\/log-home-600x300.png 600w, https:\/\/www.sashco.com\/wp-content\/uploads\/2022\/02\/log-home-300x150.png 300w, https:\/\/www.sashco.com\/wp-content\/uploads\/2022\/02\/log-home-1024x512.png 1024w, https:\/\/www.sashco.com\/wp-content\/uploads\/2022\/02\/log-home-768x384.png 768w, https:\/\/www.sashco.com\/wp-content\/uploads\/2022\/02\/log-home-1536x768.png 1536w, https:\/\/www.sashco.com\/wp-content\/uploads\/2022\/02\/log-home-170x85.png 170w, https:\/\/www.sashco.com\/wp-content\/uploads\/2022\/02\/log-home-500x250.png 500w\" sizes=\"(max-width: 2000px) 100vw, 2000px\" \/><\/noscript><div class=\"wp-block-cover__inner-container is-layout-flow wp-block-cover-is-layout-flow\">\n<h1 class=\"has-text-align-center has-white-color has-text-color wp-block-heading\">Buscar un contratista de troncos<\/h1>\n\n\n\n<h2 class=\"has-text-align-center has-white-color has-text-color wp-block-heading\">P\u00f3ngase en contacto con profesionales que conozcan los troncos.<\/h2>\n\n\n\n<div class=\"wp-block-buttons is-content-justification-center is-layout-flex wp-container-core-buttons-is-layout-16018d1d wp-block-buttons-is-layout-flex\">\n<div class=\"wp-block-button is-style-outline is-style-outline--1\"><a class=\"wp-block-button__link has-white-color has-text-color wp-element-button\" href=\"https:\/\/www.sashco.com\/log-home\/samples\/\">Solicitar muestras de manchas<\/a><\/div>\n<\/div>\n<\/div><\/div>\n\n<div class=\"wp-block-group\"><div class=\"wp-block-group__inner-container is-layout-flow wp-block-group-is-layout-flow\">\n<iframe id=\"bullseye_iframe\" data-src=\"https:\/\/sashco-locator.bullseyelocations.com\/\" width=\"100%\" height=\"1400\" border=\"0\" style=\"border:none;\" scrolling=\"auto\" onload=\"window.parent.scrollTo(0,0);\" allow=\"geolocation\" src=\"data:image\/gif;base64,R0lGODlhAQABAAAAACH5BAEKAAEALAAAAAABAAEAAAICTAEAOw==\" class=\"lazyload\" data-load-mode=\"1\"><\/iframe>\n<\/div><\/div>\n<div class=\"wp-block-image-cta has-lite-orange-background-color \">\n\t<div class=\"container\">\n\t\t\n\n<div class=\"wp-block-columns is-layout-flex wp-container-core-columns-is-layout-9d6595d7 wp-block-columns-is-layout-flex\">\n<div class=\"wp-block-column is-layout-flow wp-block-column-is-layout-flow\">\n<h2 class=\"wp-block-heading\">Solicite una muestra gratuita de tinte<\/h2>\n\n\n\n<p>No abandones tu destino a una carta de colores online. Pida hoy mismo sus muestras gratuitas de tintes.<\/p>\n\n\n\n<div class=\"wp-block-buttons is-layout-flex wp-block-buttons-is-layout-flex\">\n<div class=\"wp-block-button is-style-outline is-style-outline--2\"><a class=\"wp-block-button__link wp-element-button\" href=\"https:\/\/www.sashco.com\/log-home\/samples\/\">Solicitar muestras de manchas<\/a><\/div>\n<\/div>\n<\/div>\n\n\n\n<div class=\"wp-block-column is-layout-flow wp-block-column-is-layout-flow\">\t<div class=\"wp-block-image-carousel\">\n\t\t\t\t\t\t\t\t\t<img decoding=\"async\" width=\"892\" height=\"500\" data-src=\"https:\/\/www.sashco.com\/wp-content\/uploads\/2022\/03\/GettyImages-183275463-1-1.png\" class=\"attachment-landscape-900-700 size-landscape-900-700 lazyload\" alt=\"\" src=\"data:image\/gif;base64,R0lGODlhAQABAAAAACH5BAEKAAEALAAAAAABAAEAAAICTAEAOw==\" style=\"--smush-placeholder-width: 892px; --smush-placeholder-aspect-ratio: 892\/500;\" \/><noscript><img decoding=\"async\" width=\"892\" height=\"500\" src=\"https:\/\/www.sashco.com\/wp-content\/uploads\/2022\/03\/GettyImages-183275463-1-1.png\" class=\"attachment-landscape-900-700 size-landscape-900-700\" alt=\"\" \/><\/noscript>\t\t\t\t\t\t<\/div>\n<\/div>\n<\/div>\n\n\t<\/div>\n<\/div>\n\n<div class=\"wp-block-group\"><div class=\"wp-block-group__inner-container is-layout-flow wp-block-group-is-layout-flow\">\n<div class=\"wp-block-columns are-vertically-aligned-center is-layout-flex wp-container-core-columns-is-layout-9d6595d7 wp-block-columns-is-layout-flex\">\n<div class=\"wp-block-column is-vertically-aligned-center is-layout-flow wp-block-column-is-layout-flow\">\n<h2 class=\"wp-block-heading\">Habla con un humano de verdad.\u00a1Habla con un humano real!<\/h2>\n\n\n\n<p>Estamos aqu\u00ed para ayudar a llevar su proyecto hasta el final<\/p>\n\n\n\n<p>\u00bfNo est\u00e1 seguro de qu\u00e9 sellador, masilla u otro producto es el adecuado para su trabajo? \u00bfBusca el lugar m\u00e1s cercano para comprar productos para su pr\u00f3ximo proyecto dom\u00e9stico? \u00bfNo sabe exactamente c\u00f3mo abordar su reparaci\u00f3n? Estamos aqu\u00ed para ayudar.\u00bfNo est\u00e1 seguro de qu\u00e9 sellador, masilla u otro producto es adecuado para su trabajo? \u00bfEst\u00e1 buscando la ubicaci\u00f3n m\u00e1s cercana para comprar productos para su pr\u00f3ximo proyecto de vivienda? \u00bfNo sabes exactamente c\u00f3mo abordar tu reparaci\u00f3n? Estamos aqu\u00ed para ayudar.<\/p>\n\n\n\n<div class=\"wp-block-columns is-layout-flex wp-container-core-columns-is-layout-9d6595d7 wp-block-columns-is-layout-flex\">\n<div class=\"wp-block-column is-layout-flow wp-block-column-is-layout-flow\" style=\"flex-basis:75%\">\n<div class=\"wp-block-buttons is-content-justification-left is-layout-flex wp-container-core-buttons-is-layout-fdcfc74e wp-block-buttons-is-layout-flex\">\n<div class=\"wp-block-button is-style-outline is-style-outline--3\"><a class=\"wp-block-button__link wp-element-button\" href=\"https:\/\/www.sashco.com\/contact\/\">Contacto<\/a><\/div>\n\n\n\n<div class=\"wp-block-button is-style-outline is-style-outline--4\"><a class=\"wp-block-button__link wp-element-button\" href=\"https:\/\/www.sashco.com\/contact\/\">Pedir muestras<\/a><\/div>\n<\/div>\n<\/div>\n\n\n\n<div class=\"wp-block-column is-layout-flow wp-block-column-is-layout-flow\"><\/div>\n<\/div>\n<\/div>\n\n\n\n<div class=\"wp-block-column is-vertically-aligned-center is-layout-flow wp-block-column-is-layout-flow\">\n<div class=\"wp-block-sashco-contact-cta\">\n\t<div class=\"image\"><img decoding=\"async\" width=\"236\" height=\"472\" data-src=\"https:\/\/www.sashco.com\/wp-content\/uploads\/2022\/03\/phone.png\" class=\"attachment-large size-large lazyload\" alt=\"\" data-srcset=\"https:\/\/www.sashco.com\/wp-content\/uploads\/2022\/03\/phone.png 236w, https:\/\/www.sashco.com\/wp-content\/uploads\/2022\/03\/phone-150x300.png 150w, https:\/\/www.sashco.com\/wp-content\/uploads\/2022\/03\/phone-170x340.png 170w\" data-sizes=\"(max-width: 236px) 100vw, 236px\" src=\"data:image\/gif;base64,R0lGODlhAQABAAAAACH5BAEKAAEALAAAAAABAAEAAAICTAEAOw==\" style=\"--smush-placeholder-width: 236px; --smush-placeholder-aspect-ratio: 236\/472;\" \/><noscript><img decoding=\"async\" width=\"236\" height=\"472\" src=\"https:\/\/www.sashco.com\/wp-content\/uploads\/2022\/03\/phone.png\" class=\"attachment-large size-large\" alt=\"\" srcset=\"https:\/\/www.sashco.com\/wp-content\/uploads\/2022\/03\/phone.png 236w, https:\/\/www.sashco.com\/wp-content\/uploads\/2022\/03\/phone-150x300.png 150w, https:\/\/www.sashco.com\/wp-content\/uploads\/2022\/03\/phone-170x340.png 170w\" sizes=\"(max-width: 236px) 100vw, 236px\" \/><\/noscript><\/div>\n\t<div class=\"content\">\n\t\t\t<h2 class=\"text\">Call to talk with one of our specialists:<\/h2>\n\t\t\t<a href=\"tel:800-767-5656\" class=\"phone\">800-767-5656<\/a>\n\t<\/div>\n<\/div>\n<\/div>\n<\/div>\n<\/div><\/div>\n","protected":false},"excerpt":{"rendered":"<p>Habla con un humano de verdad.\u00a1Habla con un humano real! Estamos aqu\u00ed para ayudar a llevar su proyecto hasta el&#8230;<\/p>\n","protected":false},"author":1,"featured_media":0,"parent":5407,"menu_order":0,"comment_status":"closed","ping_status":"closed","template":"","meta":{"om_disable_all_campaigns":false,"_monsterinsights_skip_tracking":false,"_monsterinsights_sitenote_active":false,"_monsterinsights_sitenote_note":"","_monsterinsights_sitenote_category":0,"footnotes":""},"class_list":["post-5105","page","type-page","status-publish","hentry"],"aioseo_notices":[],"jetpack_sharing_enabled":true,"_links":{"self":[{"href":"https:\/\/www.sashco.com\/es\/wp-json\/wp\/v2\/pages\/5105","targetHints":{"allow":["GET"]}}],"collection":[{"href":"https:\/\/www.sashco.com\/es\/wp-json\/wp\/v2\/pages"}],"about":[{"href":"https:\/\/www.sashco.com\/es\/wp-json\/wp\/v2\/types\/page"}],"author":[{"embeddable":true,"href":"https:\/\/www.sashco.com\/es\/wp-json\/wp\/v2\/users\/1"}],"replies":[{"embeddable":true,"href":"https:\/\/www.sashco.com\/es\/wp-json\/wp\/v2\/comments?post=5105"}],"version-history":[{"count":0,"href":"https:\/\/www.sashco.com\/es\/wp-json\/wp\/v2\/pages\/5105\/revisions"}],"up":[{"embeddable":true,"href":"https:\/\/www.sashco.com\/es\/wp-json\/wp\/v2\/pages\/5407"}],"wp:attachment":[{"href":"https:\/\/www.sashco.com\/es\/wp-json\/wp\/v2\/media?parent=5105"}],"curies":[{"name":"wp","href":"https:\/\/api.w.org\/{rel}","templated":true}]}}