{"id":5084,"date":"2022-02-16T20:18:30","date_gmt":"2022-02-17T02:18:30","guid":{"rendered":"https:\/\/www.sashco.com\/calafates-y-selladores\/"},"modified":"2023-03-09T16:50:04","modified_gmt":"2023-03-09T22:50:04","slug":"calafates-y-selladores","status":"publish","type":"page","link":"https:\/\/www.sashco.com\/es\/calafates-y-selladores\/","title":{"rendered":"selladores"},"content":{"rendered":"\n<div class=\"wp-block-cover\"><span aria-hidden=\"true\" class=\"wp-block-cover__background has-background-dim wp-block-cover__gradient-background has-background-gradient\" style=\"background:linear-gradient(104deg,rgba(2,64,90,0.76) 0%,rgb(35,31,32) 100%)\"><\/span><img decoding=\"async\" width=\"1400\" height=\"500\" class=\"wp-block-cover__image-background wp-image-80 lazyload\" alt=\"\" data-src=\"https:\/\/www.sashco.com\/wp-content\/uploads\/2022\/02\/diy.png\" data-object-fit=\"cover\" data-srcset=\"https:\/\/www.sashco.com\/wp-content\/uploads\/2022\/02\/diy.png 1400w, https:\/\/www.sashco.com\/wp-content\/uploads\/2022\/02\/diy-600x214.png 600w, https:\/\/www.sashco.com\/wp-content\/uploads\/2022\/02\/diy-300x107.png 300w, https:\/\/www.sashco.com\/wp-content\/uploads\/2022\/02\/diy-1024x366.png 1024w, https:\/\/www.sashco.com\/wp-content\/uploads\/2022\/02\/diy-768x274.png 768w, https:\/\/www.sashco.com\/wp-content\/uploads\/2022\/02\/diy-170x61.png 170w, https:\/\/www.sashco.com\/wp-content\/uploads\/2022\/02\/diy-500x179.png 500w\" data-sizes=\"(max-width: 1400px) 100vw, 1400px\" src=\"data:image\/gif;base64,R0lGODlhAQABAAAAACH5BAEKAAEALAAAAAABAAEAAAICTAEAOw==\" style=\"--smush-placeholder-width: 1400px; --smush-placeholder-aspect-ratio: 1400\/500;\" \/><noscript><img decoding=\"async\" width=\"1400\" height=\"500\" class=\"wp-block-cover__image-background wp-image-80\" alt=\"\" src=\"https:\/\/www.sashco.com\/wp-content\/uploads\/2022\/02\/diy.png\" data-object-fit=\"cover\" srcset=\"https:\/\/www.sashco.com\/wp-content\/uploads\/2022\/02\/diy.png 1400w, https:\/\/www.sashco.com\/wp-content\/uploads\/2022\/02\/diy-600x214.png 600w, https:\/\/www.sashco.com\/wp-content\/uploads\/2022\/02\/diy-300x107.png 300w, https:\/\/www.sashco.com\/wp-content\/uploads\/2022\/02\/diy-1024x366.png 1024w, https:\/\/www.sashco.com\/wp-content\/uploads\/2022\/02\/diy-768x274.png 768w, https:\/\/www.sashco.com\/wp-content\/uploads\/2022\/02\/diy-170x61.png 170w, https:\/\/www.sashco.com\/wp-content\/uploads\/2022\/02\/diy-500x179.png 500w\" sizes=\"(max-width: 1400px) 100vw, 1400px\" \/><\/noscript><div class=\"wp-block-cover__inner-container is-layout-flow wp-block-cover-is-layout-flow\">\n<h1 class=\"has-text-align-center wp-block-heading\">Calafates y selladores<\/h1>\n\n\n\n<p class=\"has-text-align-center is-style-reduced-width\" style=\"font-size:28px\"><strong>Ya sea que est\u00e9 buscando reparar una entrada agrietada, arreglar un canal\u00f3n que gotea o volver a calafatear su ba\u00f1era, Sashco tiene los productos de calafateo adecuados para usted.<\/strong><\/p>\n\n\n\n<div class=\"wp-block-buttons is-content-justification-center is-layout-flex wp-container-core-buttons-is-layout-16018d1d wp-block-buttons-is-layout-flex\">\n<div class=\"wp-block-button is-style-outline is-style-outline--1\"><a class=\"wp-block-button__link wp-element-button\" href=\"https:\/\/sashcoinc.app.box.com\/file\/958835207393\">Descargar el cat\u00e1logo de productos HI<\/a><\/div>\n<\/div>\n<\/div><\/div>\n\n\n<div class=\"wp-block-products\">\n\t<div class=\"container\">\n\t\t\t\t<div class=\"product-grid\">\n\t\t\t\t\t\t\t\t\t\t\t\t\t\t\t\t\t\n<div class=\"product-item\" aria-hidden=\"false\" data-cat-ids=\"162,160,11\">\n\t<button class=\"product-image\" data-controls=\"product-5379\">\n\t\t<img decoding=\"async\" width=\"74\" height=\"450\" data-src=\"https:\/\/www.sashco.com\/wp-content\/uploads\/2022\/03\/210907_Sashco_Product-132-74x450.png\" class=\"attachment-vertical-450 size-vertical-450 wp-post-image lazyload\" alt=\"\" src=\"data:image\/gif;base64,R0lGODlhAQABAAAAACH5BAEKAAEALAAAAAABAAEAAAICTAEAOw==\" style=\"--smush-placeholder-width: 74px; --smush-placeholder-aspect-ratio: 74\/450;\" \/><noscript><img decoding=\"async\" width=\"74\" height=\"450\" src=\"https:\/\/www.sashco.com\/wp-content\/uploads\/2022\/03\/210907_Sashco_Product-132-74x450.png\" class=\"attachment-vertical-450 size-vertical-450 wp-post-image\" alt=\"\" \/><\/noscript>\t<\/button>\n\n\t<div class=\"wp-block-buttons is-content-justification-center -mobile\">\n\t\t<div class=\"wp-block-button is-style-outline\">\n\t\t\t<a href=\"https:\/\/www.sashco.com\/es\/products\/lexel\/\" class=\"wp-block-button__link\">View Product<\/a>\n\t\t<\/div>\n\t<\/div>\n<\/div>\t\t\t\t\t\t\t\t\t\t\t\t\t\t\n<div class=\"product-item\" aria-hidden=\"false\" data-cat-ids=\"162,156\">\n\t<button class=\"product-image\" data-controls=\"product-2403\">\n\t\t<img decoding=\"async\" width=\"74\" height=\"450\" data-src=\"https:\/\/www.sashco.com\/wp-content\/uploads\/2022\/05\/210923_SashcoProduct-1024_final-74x450.png\" class=\"attachment-vertical-450 size-vertical-450 wp-post-image lazyload\" alt=\"\" src=\"data:image\/gif;base64,R0lGODlhAQABAAAAACH5BAEKAAEALAAAAAABAAEAAAICTAEAOw==\" style=\"--smush-placeholder-width: 74px; --smush-placeholder-aspect-ratio: 74\/450;\" \/><noscript><img decoding=\"async\" width=\"74\" height=\"450\" src=\"https:\/\/www.sashco.com\/wp-content\/uploads\/2022\/05\/210923_SashcoProduct-1024_final-74x450.png\" class=\"attachment-vertical-450 size-vertical-450 wp-post-image\" alt=\"\" \/><\/noscript>\t<\/button>\n\n\t<div class=\"wp-block-buttons is-content-justification-center -mobile\">\n\t\t<div class=\"wp-block-button is-style-outline\">\n\t\t\t<a href=\"https:\/\/www.sashco.com\/es\/products\/log-builder-sealant\/\" class=\"wp-block-button__link\">View Product<\/a>\n\t\t<\/div>\n\t<\/div>\n<\/div>\t\t\t\t\t\t\t\t\t\t\t\t\t\t\n<div class=\"product-item\" aria-hidden=\"false\" data-cat-ids=\"162,156\">\n\t<button class=\"product-image\" data-controls=\"product-2398\">\n\t\t<img decoding=\"async\" width=\"74\" height=\"450\" data-src=\"https:\/\/www.sashco.com\/wp-content\/uploads\/2022\/05\/210923_SashcoProduct-1032_final-74x450.png\" class=\"attachment-vertical-450 size-vertical-450 wp-post-image lazyload\" alt=\"\" src=\"data:image\/gif;base64,R0lGODlhAQABAAAAACH5BAEKAAEALAAAAAABAAEAAAICTAEAOw==\" style=\"--smush-placeholder-width: 74px; --smush-placeholder-aspect-ratio: 74\/450;\" \/><noscript><img decoding=\"async\" width=\"74\" height=\"450\" src=\"https:\/\/www.sashco.com\/wp-content\/uploads\/2022\/05\/210923_SashcoProduct-1032_final-74x450.png\" class=\"attachment-vertical-450 size-vertical-450 wp-post-image\" alt=\"\" \/><\/noscript>\t<\/button>\n\n\t<div class=\"wp-block-buttons is-content-justification-center -mobile\">\n\t\t<div class=\"wp-block-button is-style-outline\">\n\t\t\t<a href=\"https:\/\/www.sashco.com\/es\/products\/log-jam-chinking\/\" class=\"wp-block-button__link\">View Product<\/a>\n\t\t<\/div>\n\t<\/div>\n<\/div>\t\t\t\t\t\t\t\t\t\t\t\t\t\t\n<div class=\"product-item\" aria-hidden=\"false\" data-cat-ids=\"162,156\">\n\t<button class=\"product-image\" data-controls=\"product-2391\">\n\t\t<img decoding=\"async\" width=\"74\" height=\"450\" data-src=\"https:\/\/www.sashco.com\/wp-content\/uploads\/2022\/05\/210923_SashcoProduct-1052_final-74x450.png\" class=\"attachment-vertical-450 size-vertical-450 wp-post-image lazyload\" alt=\"\" src=\"data:image\/gif;base64,R0lGODlhAQABAAAAACH5BAEKAAEALAAAAAABAAEAAAICTAEAOw==\" style=\"--smush-placeholder-width: 74px; --smush-placeholder-aspect-ratio: 74\/450;\" \/><noscript><img decoding=\"async\" width=\"74\" height=\"450\" src=\"https:\/\/www.sashco.com\/wp-content\/uploads\/2022\/05\/210923_SashcoProduct-1052_final-74x450.png\" class=\"attachment-vertical-450 size-vertical-450 wp-post-image\" alt=\"\" \/><\/noscript>\t<\/button>\n\n\t<div class=\"wp-block-buttons is-content-justification-center -mobile\">\n\t\t<div class=\"wp-block-button is-style-outline\">\n\t\t\t<a href=\"https:\/\/www.sashco.com\/es\/products\/conceal-textured-caulk-for-wood\/\" class=\"wp-block-button__link\">View Product<\/a>\n\t\t<\/div>\n\t<\/div>\n<\/div>\t\t\t\t\t\t\t\t\t<\/div>\n\t<\/div>\n<\/div>\n\n\n<div class=\"wp-block-cover is-style-logo-pattern-blue\"><span aria-hidden=\"true\" class=\"wp-block-cover__background has-blue-background-color has-background-dim-100 has-background-dim\"><\/span><div class=\"wp-block-cover__inner-container is-layout-flow wp-block-cover-is-layout-flow\">\n<h2 class=\"has-text-align-center wp-block-heading\" style=\"font-style:normal;font-weight:800;text-transform:uppercase\">Acerca de los calafates y selladores de Sashco<\/h2>\n\n\n\n<div class=\"wp-block-columns is-layout-flex wp-container-core-columns-is-layout-9d6595d7 wp-block-columns-is-layout-flex\">\n<div class=\"wp-block-column is-layout-flow wp-block-column-is-layout-flow\">\n<p class=\"has-text-align-center\">Ya sea que est\u00e9 buscando reparar una entrada agrietada, arreglar un canal\u00f3n que gotea o volver a calafatear su ba\u00f1era, Sashco tiene los productos de calafateo adecuados para usted. Cuando se trata de selladores, es fundamental elegir el producto adecuado para el trabajo. Por eso tenemos una l\u00ednea completa de soluciones formuladas espec\u00edficamente para su \u00e9xito.<\/p>\n<\/div>\n<\/div>\n<\/div><\/div>\n\n\n\n<div class=\"wp-block-group\"><div class=\"wp-block-group__inner-container is-layout-flow wp-block-group-is-layout-flow\">\n<div class=\"wp-block-columns are-vertically-aligned-center is-layout-flex wp-container-core-columns-is-layout-9d6595d7 wp-block-columns-is-layout-flex\">\n<div class=\"wp-block-column is-vertically-aligned-center is-layout-flow wp-block-column-is-layout-flow\">\n<h2 class=\"wp-block-heading\">Habla con un humano de verdad.<\/h2>\n\n\n\n<p><strong>Estamos aqu\u00ed para ayudarle a llevar su proyecto hasta el final.<\/strong><\/p>\n\n\n\n<p>\u00bfNo est\u00e1 seguro de qu\u00e9 sellador, masilla u otro producto es el adecuado para su trabajo? \u00bfBusca el lugar m\u00e1s cercano para comprar productos para su pr\u00f3ximo proyecto dom\u00e9stico? \u00bfNo sabe exactamente c\u00f3mo abordar su reparaci\u00f3n? Estamos aqu\u00ed para ayudar.<\/p>\n\n\n\n<div class=\"wp-block-buttons is-layout-flex wp-block-buttons-is-layout-flex\">\n<div class=\"wp-block-button is-style-outline is-style-outline--2\"><a class=\"wp-block-button__link wp-element-button\" href=\"https:\/\/www.sashco.com\/contact\/\">Contacto<\/a><\/div>\n\n\n\n<div class=\"wp-block-button is-style-outline is-style-outline--3\"><a class=\"wp-block-button__link has-black-color has-text-color wp-element-button\" href=\"https:\/\/www.sashco.com\/where-to-buy\/\">D\u00f3nde comprar<\/a><\/div>\n<\/div>\n<\/div>\n\n\n\n<div class=\"wp-block-column is-vertically-aligned-center is-layout-flow wp-block-column-is-layout-flow\">\n<div class=\"wp-block-sashco-contact-cta\">\n\t<div class=\"image\"><img decoding=\"async\" width=\"236\" height=\"472\" data-src=\"https:\/\/www.sashco.com\/wp-content\/uploads\/2022\/03\/phone.png\" class=\"attachment-large size-large lazyload\" alt=\"\" data-srcset=\"https:\/\/www.sashco.com\/wp-content\/uploads\/2022\/03\/phone.png 236w, https:\/\/www.sashco.com\/wp-content\/uploads\/2022\/03\/phone-150x300.png 150w, https:\/\/www.sashco.com\/wp-content\/uploads\/2022\/03\/phone-170x340.png 170w\" data-sizes=\"(max-width: 236px) 100vw, 236px\" src=\"data:image\/gif;base64,R0lGODlhAQABAAAAACH5BAEKAAEALAAAAAABAAEAAAICTAEAOw==\" style=\"--smush-placeholder-width: 236px; --smush-placeholder-aspect-ratio: 236\/472;\" \/><noscript><img decoding=\"async\" width=\"236\" height=\"472\" src=\"https:\/\/www.sashco.com\/wp-content\/uploads\/2022\/03\/phone.png\" class=\"attachment-large size-large\" alt=\"\" srcset=\"https:\/\/www.sashco.com\/wp-content\/uploads\/2022\/03\/phone.png 236w, https:\/\/www.sashco.com\/wp-content\/uploads\/2022\/03\/phone-150x300.png 150w, https:\/\/www.sashco.com\/wp-content\/uploads\/2022\/03\/phone-170x340.png 170w\" sizes=\"(max-width: 236px) 100vw, 236px\" \/><\/noscript><\/div>\n\t<div class=\"content\">\n\t\t\t<h2 class=\"text\">Call to talk with one of our log home specialists:<\/h2>\n\t\t\t<a href=\"tel:800-767-5656\" class=\"phone\">800-767-5656<\/a>\n\t<\/div>\n<\/div>\n<\/div>\n<\/div>\n<\/div><\/div>\n","protected":false},"excerpt":{"rendered":"<p>Habla con un humano de verdad. Estamos aqu\u00ed para ayudarle a llevar su proyecto hasta el final. \u00bfNo est\u00e1 seguro&#8230;<\/p>\n","protected":false},"author":1,"featured_media":0,"parent":0,"menu_order":0,"comment_status":"closed","ping_status":"closed","template":"","meta":{"om_disable_all_campaigns":false,"_monsterinsights_skip_tracking":false,"_monsterinsights_sitenote_active":false,"_monsterinsights_sitenote_note":"","_monsterinsights_sitenote_category":0,"footnotes":""},"class_list":["post-5084","page","type-page","status-publish","hentry"],"aioseo_notices":[],"jetpack_sharing_enabled":true,"_links":{"self":[{"href":"https:\/\/www.sashco.com\/es\/wp-json\/wp\/v2\/pages\/5084","targetHints":{"allow":["GET"]}}],"collection":[{"href":"https:\/\/www.sashco.com\/es\/wp-json\/wp\/v2\/pages"}],"about":[{"href":"https:\/\/www.sashco.com\/es\/wp-json\/wp\/v2\/types\/page"}],"author":[{"embeddable":true,"href":"https:\/\/www.sashco.com\/es\/wp-json\/wp\/v2\/users\/1"}],"replies":[{"embeddable":true,"href":"https:\/\/www.sashco.com\/es\/wp-json\/wp\/v2\/comments?post=5084"}],"version-history":[{"count":0,"href":"https:\/\/www.sashco.com\/es\/wp-json\/wp\/v2\/pages\/5084\/revisions"}],"wp:attachment":[{"href":"https:\/\/www.sashco.com\/es\/wp-json\/wp\/v2\/media?parent=5084"}],"curies":[{"name":"wp","href":"https:\/\/api.w.org\/{rel}","templated":true}]}}